{"id":8,"date":"2025-04-25T13:46:47","date_gmt":"2025-04-25T11:46:47","guid":{"rendered":"https:\/\/gocopsicologia.com\/?page_id=8"},"modified":"2026-02-19T14:54:12","modified_gmt":"2026-02-19T13:54:12","slug":"sobre-mi","status":"publish","type":"page","link":"https:\/\/gocopsicologia.com\/en\/sobre-mi\/","title":{"rendered":"ABOUT ME"},"content":{"rendered":"<div class=\"wp-block-group alignfull is-style-section-1 has-custom-champan-claro-background-color has-background has-global-padding is-layout-constrained wp-block-group-is-layout-constrained is-style-section-1--1\" style=\"margin-top:0;margin-bottom:0;padding-top:0;padding-bottom:0\">\n<div class=\"wp-block-columns alignwide is-layout-flex wp-container-core-columns-is-layout-66fad18a wp-block-columns-is-layout-flex\">\n<div class=\"wp-block-column is-layout-flow wp-block-column-is-layout-flow\" style=\"padding-right:var(--wp--preset--spacing--50);flex-basis:45%\">\n<div class=\"wp-block-columns is-layout-flex wp-container-core-columns-is-layout-28f84493 wp-block-columns-is-layout-flex\">\n<div class=\"wp-block-column is-vertically-aligned-stretch is-layout-flow wp-block-column-is-layout-flow\" style=\"flex-basis:100%\">\n<figure class=\"wp-block-image alignright size-full is-resized is-style-default\" style=\"margin-top:0;margin-bottom:0\"><img loading=\"lazy\" decoding=\"async\" width=\"1920\" height=\"2560\" src=\"https:\/\/gocopsicologia.com\/wp-content\/uploads\/2025\/04\/7C8F6DA8-423A-48CF-A8D9-61864689019E-scaled.jpeg\" alt=\"\" class=\"wp-image-23\" style=\"width:338px;height:auto\" srcset=\"https:\/\/gocopsicologia.com\/wp-content\/uploads\/2025\/04\/7C8F6DA8-423A-48CF-A8D9-61864689019E-scaled.jpeg 1920w, https:\/\/gocopsicologia.com\/wp-content\/uploads\/2025\/04\/7C8F6DA8-423A-48CF-A8D9-61864689019E-225x300.jpeg 225w, https:\/\/gocopsicologia.com\/wp-content\/uploads\/2025\/04\/7C8F6DA8-423A-48CF-A8D9-61864689019E-768x1024.jpeg 768w, https:\/\/gocopsicologia.com\/wp-content\/uploads\/2025\/04\/7C8F6DA8-423A-48CF-A8D9-61864689019E-1152x1536.jpeg 1152w, https:\/\/gocopsicologia.com\/wp-content\/uploads\/2025\/04\/7C8F6DA8-423A-48CF-A8D9-61864689019E-1536x2048.jpeg 1536w\" sizes=\"auto, (max-width: 1920px) 100vw, 1920px\" \/><\/figure>\n<\/div>\n<\/div>\n<\/div>\n\n\n\n<div class=\"wp-block-column is-vertically-aligned-center is-layout-flow wp-block-column-is-layout-flow\" style=\"padding-right:0;padding-left:0;flex-basis:70%\">\n<div class=\"wp-block-group is-vertical is-layout-flex wp-container-core-group-is-layout-fe9cc265 wp-block-group-is-layout-flex\">\n<h2 class=\"wp-block-heading is-style-default has-custom-color-2-color has-text-color has-link-color wp-elements-853878619344c164a278bee1f7d1b556\" style=\"font-size:clamp(1.146rem, 1.146rem + ((1vw - 0.2rem) * 1.026), 1.8rem);\">\u00a1Hi! I'm Paula,<\/h2>\n\n\n\n<p class=\"is-style-text-subtitle has-custom-color-2-color has-text-color has-link-color has-lato-font-family has-medium-font-size wp-elements-7ed600dc8b675e661ddb6ffe7cf98761 is-style-text-subtitle--2\">From a very young age, I\u2019ve felt a deep curiosity about how we think, feel, and behave. This led me to study Psychology and to specialise with a Master's in General Health Psychology. Today, being able to support people on their journey toward personal growth and emotional well-being is something I\u2019m truly passionate about.<\/p>\n\n\n\n<p class=\"is-style-text-subtitle has-custom-color-2-color has-text-color has-link-color has-lato-font-family has-medium-font-size wp-elements-eb0f33dfdfe9e1ce36d4bacd2386f6fc is-style-text-subtitle--3\"><br>We all go through difficult times, and having psychological support can help us overcome them and come out stronger, with more tools and resilience. But psychology isn\u2019t just for when things go wrong \u2014 it can also help us better understand ourselves, improve our relationships, and enhance our overall well-being.<\/p>\n\n\n\n<p class=\"is-style-text-subtitle has-custom-color-2-color has-text-color has-link-color has-lato-font-family has-medium-font-size wp-elements-bbe580a36d6a24ef9ca6b9461f9fc180 is-style-text-subtitle--4\"><br>That\u2019s why I offer individualised psychological support in Spanish or English, always tailored to your specific needs. We'll work from a cognitive-behavioural, evidence-based approach, focused on helping you understand what you\u2019re going through and create real, sustainable change.<\/p>\n<\/div>\n<\/div>\n<\/div>\n<\/div>\n\n\n\n<div style=\"height:55px\" aria-hidden=\"true\" class=\"wp-block-spacer\"><\/div>\n\n\n\n<h2 class=\"wp-block-heading alignwide has-text-align-center has-x-large-font-size\" style=\"margin-bottom:var(--wp--preset--spacing--40)\">Education and experience<\/h2>\n\n\n\n<div class=\"wp-block-columns alignwide has-playfair-display-sc-font-family is-layout-flex wp-container-core-columns-is-layout-28f84493 wp-block-columns-is-layout-flex\">\n<div class=\"wp-block-column is-vertically-aligned-top has-playfair-display-sc-font-family is-layout-flow wp-block-column-is-layout-flow\">\n<p class=\"has-text-align-right has-custom-color-2-color has-text-color has-link-color has-playfair-display-sc-font-family wp-elements-34d2c1a1769bf57e5abee8efded6afae\">Bachelor\u2019s Degree in Bilingual Psychology (English and Spanish)<\/p>\n<\/div>\n\n\n\n<div class=\"wp-block-column is-vertically-aligned-top has-contrast-color has-text-color has-playfair-display-sc-font-family is-layout-flow wp-block-column-is-layout-flow\">\n<p class=\"has-custom-color-2-color has-text-color has-link-color has-playfair-display-sc-font-family wp-elements-5e80eff75fdcc5dd512e4d979331c1c2\"><strong>Universidad Complutense de Madrid<\/strong><br><\/p>\n<\/div>\n<\/div>\n\n\n\n<div class=\"wp-block-columns alignwide has-playfair-display-sc-font-family is-layout-flex wp-container-core-columns-is-layout-28f84493 wp-block-columns-is-layout-flex\">\n<div class=\"wp-block-column is-vertically-aligned-top is-layout-flow wp-block-column-is-layout-flow\">\n<p class=\"has-text-align-right has-custom-color-2-color has-text-color has-link-color has-playfair-display-sc-font-family wp-elements-8d8a96f2cd5b9f65f051d1d58ea8319f\">Master\u2019s Degree in General Health Psychology<\/p>\n<\/div>\n\n\n\n<div class=\"wp-block-column is-vertically-aligned-top has-contrast-color has-text-color has-link-color wp-elements-9b980751ac3f9ccda750314579dc119a is-layout-flow wp-block-column-is-layout-flow\">\n<p class=\"has-custom-color-2-color has-text-color has-link-color has-playfair-display-sc-font-family wp-elements-45f0af86a265a3db92e2cdf20c8e5ffd\"><strong>Universidad Europea de Valencia<\/strong><br><strong> <\/strong><\/p>\n<\/div>\n<\/div>\n\n\n\n<div class=\"wp-block-columns alignwide has-playfair-display-sc-font-family is-layout-flex wp-container-core-columns-is-layout-28f84493 wp-block-columns-is-layout-flex\">\n<div class=\"wp-block-column is-vertically-aligned-top is-layout-flow wp-block-column-is-layout-flow\">\n<p class=\"has-text-align-right has-custom-color-2-color has-text-color has-link-color has-playfair-display-sc-font-family wp-elements-62ef659e75b41255307e6983a31493ea\">Internship in child and adolescent clinical psychology<\/p>\n<\/div>\n\n\n\n<div class=\"wp-block-column is-vertically-aligned-top has-contrast-color has-text-color has-link-color wp-elements-e274853517b176a6b838555de5016e9e is-layout-flow wp-block-column-is-layout-flow\">\n<p class=\"has-custom-color-2-color has-text-color has-link-color has-playfair-display-sc-font-family wp-elements-4cfb6faf9bb775a667e8bffb268d4a89\"><strong>FONOS<\/strong><br> \u3164<\/p>\n<\/div>\n<\/div>\n\n\n\n<div class=\"wp-block-columns alignwide has-playfair-display-sc-font-family is-layout-flex wp-container-core-columns-is-layout-28f84493 wp-block-columns-is-layout-flex\">\n<div class=\"wp-block-column is-vertically-aligned-top is-layout-flow wp-block-column-is-layout-flow\">\n<p class=\"has-text-align-right has-custom-color-2-color has-text-color has-link-color has-playfair-display-sc-font-family wp-elements-7d9398458c4d292f5bb1893102d3ba7d\">Internship in clinical psychology specializing in EMDR therapy<\/p>\n<\/div>\n\n\n\n<div class=\"wp-block-column is-vertically-aligned-top has-contrast-color has-text-color has-link-color wp-elements-3cf4464c1c12516be4f597dafdcdf2b3 is-layout-flow wp-block-column-is-layout-flow\">\n<p class=\"has-custom-color-2-color has-text-color has-link-color has-playfair-display-sc-font-family wp-elements-f85b6a8c5595ceaf8a4461d2ec4289f7\"><strong>Hazt\u00faa Psicolog\u00eda Positiva<\/strong><br><\/p>\n<\/div>\n<\/div>\n\n\n\n<div class=\"wp-block-columns alignwide has-playfair-display-sc-font-family is-layout-flex wp-container-core-columns-is-layout-28f84493 wp-block-columns-is-layout-flex\">\n<div class=\"wp-block-column is-vertically-aligned-top is-layout-flow wp-block-column-is-layout-flow\">\n<p class=\"has-text-align-right has-custom-color-2-color has-text-color has-link-color has-playfair-display-sc-font-family wp-elements-c7c128deb43f86fa781a735e7632171e\">Pr\u00e1cticas en psicolog\u00eda cl\u00ednica especializada en Trastornos de la Conducta Alimentaria y Trastorno Obsesivo Compulsivo<\/p>\n<\/div>\n\n\n\n<div class=\"wp-block-column is-vertically-aligned-top has-contrast-color has-text-color has-link-color wp-elements-8b78e0db735115366bcf251a06a8113c is-layout-flow wp-block-column-is-layout-flow\">\n<p class=\"has-custom-color-2-color has-text-color has-link-color has-playfair-display-sc-font-family wp-elements-07993521f3e8609f3f6b42a353b2b3b9\"><strong>Paula Bono, IVASAM<\/strong><br><\/p>\n<\/div>\n<\/div>\n\n\n\n<div class=\"wp-block-columns is-layout-flex wp-container-core-columns-is-layout-28f84493 wp-block-columns-is-layout-flex\">\n<div class=\"wp-block-column is-vertically-aligned-top is-layout-flow wp-block-column-is-layout-flow\">\n<p class=\"has-text-align-right has-custom-color-2-color has-text-color has-link-color has-playfair-display-sc-font-family wp-elements-13b265599dd0f0176ae7bffef1c3949b\">Colaboraci\u00f3n en terapia integrativa con servicios de psicolog\u00eda, psiquiatr\u00eda y nutrici\u00f3n<\/p>\n<\/div>\n\n\n\n<div class=\"wp-block-column is-vertically-aligned-top has-contrast-color has-text-color has-link-color wp-elements-f6b24e3df0cec630a9f469a1e90585be is-layout-flow wp-block-column-is-layout-flow\">\n<p class=\"has-custom-color-2-color has-text-color has-link-color has-playfair-display-sc-font-family wp-elements-bf40ab9c0a727397f781816d387823a5\"><strong>Espacio Formas<\/strong><br><\/p>\n<\/div>\n<\/div>\n\n\n\n<div class=\"wp-block-columns alignwide has-playfair-display-sc-font-family is-layout-flex wp-container-core-columns-is-layout-28f84493 wp-block-columns-is-layout-flex\">\n<div class=\"wp-block-column is-vertically-aligned-top is-layout-flow wp-block-column-is-layout-flow\">\n<p class=\"has-text-align-right has-custom-color-2-color has-text-color has-link-color has-playfair-display-sc-font-family wp-elements-43ef2ddaed86667a2fa938d26712cb93\">Master en psicoterapia integradora<\/p>\n<\/div>\n\n\n\n<div class=\"wp-block-column is-vertically-aligned-top has-contrast-color has-text-color has-link-color wp-elements-08134e834b886225652e5f8ed1484ab6 is-layout-flow wp-block-column-is-layout-flow\">\n<p class=\"has-custom-color-2-color has-text-color has-link-color has-playfair-display-sc-font-family wp-elements-9798fd58a5a45fa3c885abbb0e7893be\"><strong>M\u00e9todo atlas<\/strong><br><\/p>\n<\/div>\n<\/div>\n\n\n\n<p><\/p>","protected":false},"excerpt":{"rendered":"<p>\u00a1Hola! soy Paula, Desde muy joven sent\u00ed una gran curiosidad por entender c\u00f3mo las personas pensamos, sentimos y actuamos, lo que me llev\u00f3 a estudiar Psicolog\u00eda y a especializarme con el M\u00e1ster en Psicolog\u00eda General Sanitaria. Hoy, poder acompa\u00f1ar a personas en su camino de crecimiento personal y bienestar emocional es algo que me apasiona. [&hellip;]<\/p>","protected":false},"author":1,"featured_media":0,"parent":0,"menu_order":0,"comment_status":"closed","ping_status":"closed","template":"","meta":{"footnotes":""},"class_list":["post-8","page","type-page","status-publish","hentry"],"_links":{"self":[{"href":"https:\/\/gocopsicologia.com\/en\/wp-json\/wp\/v2\/pages\/8","targetHints":{"allow":["GET"]}}],"collection":[{"href":"https:\/\/gocopsicologia.com\/en\/wp-json\/wp\/v2\/pages"}],"about":[{"href":"https:\/\/gocopsicologia.com\/en\/wp-json\/wp\/v2\/types\/page"}],"author":[{"embeddable":true,"href":"https:\/\/gocopsicologia.com\/en\/wp-json\/wp\/v2\/users\/1"}],"replies":[{"embeddable":true,"href":"https:\/\/gocopsicologia.com\/en\/wp-json\/wp\/v2\/comments?post=8"}],"version-history":[{"count":34,"href":"https:\/\/gocopsicologia.com\/en\/wp-json\/wp\/v2\/pages\/8\/revisions"}],"predecessor-version":[{"id":408,"href":"https:\/\/gocopsicologia.com\/en\/wp-json\/wp\/v2\/pages\/8\/revisions\/408"}],"wp:attachment":[{"href":"https:\/\/gocopsicologia.com\/en\/wp-json\/wp\/v2\/media?parent=8"}],"curies":[{"name":"wp","href":"https:\/\/api.w.org\/{rel}","templated":true}]}}