{"id":412,"date":"2026-03-06T14:18:37","date_gmt":"2026-03-06T13:18:37","guid":{"rendered":"https:\/\/gocopsicologia.com\/?page_id=412"},"modified":"2026-03-11T16:21:47","modified_gmt":"2026-03-11T15:21:47","slug":"servicios","status":"publish","type":"page","link":"https:\/\/gocopsicologia.com\/en\/servicios\/","title":{"rendered":"SERVICES"},"content":{"rendered":"<div class=\"wp-block-group alignfull has-global-padding is-layout-constrained wp-container-core-group-is-layout-c75e7cd3 wp-block-group-is-layout-constrained\" style=\"min-height:0vh;margin-top:0;margin-bottom:0;padding-top:0;padding-right:var(--wp--preset--spacing--40);padding-bottom:0;padding-left:var(--wp--preset--spacing--40)\">\n<div class=\"wp-block-group has-global-padding is-layout-constrained wp-container-core-group-is-layout-346627ba wp-block-group-is-layout-constrained\">\n<h2 class=\"wp-block-heading has-text-align-center has-xx-large-font-size\" style=\"margin-right:0;margin-left:0;padding-right:0;padding-left:0\">General health psychology<\/h2>\n\n\n\n<p class=\"has-text-align-center\">A space a to connect with yourself<\/p>\n\n\n\n<div style=\"height:60px\" aria-hidden=\"true\" class=\"wp-block-spacer\"><\/div>\n\n\n\n<h2 class=\"wp-block-heading alignwide\">What can I help you with<\/h2>\n\n\n\n<div class=\"wp-block-columns alignwide is-layout-flex wp-container-core-columns-is-layout-28f84493 wp-block-columns-is-layout-flex\">\n<div class=\"wp-block-column is-layout-flow wp-block-column-is-layout-flow\">\n<figure class=\"wp-block-image size-full\" style=\"margin-bottom:24px\"><img loading=\"lazy\" decoding=\"async\" width=\"1024\" height=\"1024\" src=\"https:\/\/gocopsicologia.com\/wp-content\/uploads\/2026\/03\/068DFD08-C5B4-4ABF-B785-3D14787694BE.png\" alt=\"\" class=\"wp-image-419\" style=\"aspect-ratio:4\/3;object-fit:cover\" srcset=\"https:\/\/gocopsicologia.com\/wp-content\/uploads\/2026\/03\/068DFD08-C5B4-4ABF-B785-3D14787694BE.png 1024w, https:\/\/gocopsicologia.com\/wp-content\/uploads\/2026\/03\/068DFD08-C5B4-4ABF-B785-3D14787694BE-300x300.png 300w, https:\/\/gocopsicologia.com\/wp-content\/uploads\/2026\/03\/068DFD08-C5B4-4ABF-B785-3D14787694BE-150x150.png 150w, https:\/\/gocopsicologia.com\/wp-content\/uploads\/2026\/03\/068DFD08-C5B4-4ABF-B785-3D14787694BE-768x768.png 768w, https:\/\/gocopsicologia.com\/wp-content\/uploads\/2026\/03\/068DFD08-C5B4-4ABF-B785-3D14787694BE-12x12.png 12w\" sizes=\"auto, (max-width: 1024px) 100vw, 1024px\" \/><\/figure>\n\n\n\n<h3 class=\"wp-block-heading\">Obsessive-Compulsive Disorder<\/h3>\n\n\n\n<ul class=\"wp-block-list\">\n<li class=\"has-custom-color-2-color has-text-color has-link-color has-medium-font-size wp-elements-f314c028281d22864e30646b980815c5\">Contamination, order, relational, checking, pure\u2026<\/li>\n\n\n\n<li class=\"has-custom-color-2-color has-text-color has-link-color has-medium-font-size wp-elements-af025dba02eff0882f0e9f7e0ebcd850\">Intrusive thoughts<\/li>\n\n\n\n<li class=\"has-custom-color-2-color has-text-color has-link-color has-medium-font-size wp-elements-2fdd2fed5532df873e3674a4d8106d30\">Visible (actions) and covert (mental) compulsions<\/li>\n<\/ul>\n<\/div>\n\n\n\n<div class=\"wp-block-column is-layout-flow wp-block-column-is-layout-flow\">\n<figure class=\"wp-block-image size-full\" style=\"margin-bottom:24px\"><img loading=\"lazy\" decoding=\"async\" width=\"1024\" height=\"1536\" src=\"https:\/\/gocopsicologia.com\/wp-content\/uploads\/2026\/03\/93CA1601-A2D2-46F4-B8B9-BF536690D6AF.png\" alt=\"\" class=\"wp-image-423\" style=\"aspect-ratio:4\/3;object-fit:cover\" srcset=\"https:\/\/gocopsicologia.com\/wp-content\/uploads\/2026\/03\/93CA1601-A2D2-46F4-B8B9-BF536690D6AF.png 1024w, https:\/\/gocopsicologia.com\/wp-content\/uploads\/2026\/03\/93CA1601-A2D2-46F4-B8B9-BF536690D6AF-200x300.png 200w, https:\/\/gocopsicologia.com\/wp-content\/uploads\/2026\/03\/93CA1601-A2D2-46F4-B8B9-BF536690D6AF-683x1024.png 683w, https:\/\/gocopsicologia.com\/wp-content\/uploads\/2026\/03\/93CA1601-A2D2-46F4-B8B9-BF536690D6AF-768x1152.png 768w, https:\/\/gocopsicologia.com\/wp-content\/uploads\/2026\/03\/93CA1601-A2D2-46F4-B8B9-BF536690D6AF-8x12.png 8w\" sizes=\"auto, (max-width: 1024px) 100vw, 1024px\" \/><\/figure>\n\n\n\n<h3 class=\"wp-block-heading\">Eating disorders<\/h3>\n\n\n\n<ul class=\"wp-block-list has-custom-color-2-color has-text-color has-link-color wp-elements-713d5d437358b864ba24dfdf122a0b7f\">\n<li class=\"has-medium-font-size\">Anorexia nervosa<\/li>\n\n\n\n<li class=\"has-medium-font-size\">Bulimia nervosa<\/li>\n\n\n\n<li class=\"has-medium-font-size\">Binge eating disorder <\/li>\n\n\n\n<li class=\"has-medium-font-size\">Self-image and self-esteem<\/li>\n<\/ul>\n<\/div>\n\n\n\n<div class=\"wp-block-column is-layout-flow wp-block-column-is-layout-flow\">\n<figure class=\"wp-block-image size-full\" style=\"margin-bottom:24px\"><img loading=\"lazy\" decoding=\"async\" width=\"1024\" height=\"1024\" src=\"https:\/\/gocopsicologia.com\/wp-content\/uploads\/2026\/03\/1F7B6A2B-C01E-4699-A426-D895E78AD092.png\" alt=\"\" class=\"wp-image-421\" style=\"aspect-ratio:4\/3;object-fit:cover\" srcset=\"https:\/\/gocopsicologia.com\/wp-content\/uploads\/2026\/03\/1F7B6A2B-C01E-4699-A426-D895E78AD092.png 1024w, https:\/\/gocopsicologia.com\/wp-content\/uploads\/2026\/03\/1F7B6A2B-C01E-4699-A426-D895E78AD092-300x300.png 300w, https:\/\/gocopsicologia.com\/wp-content\/uploads\/2026\/03\/1F7B6A2B-C01E-4699-A426-D895E78AD092-150x150.png 150w, https:\/\/gocopsicologia.com\/wp-content\/uploads\/2026\/03\/1F7B6A2B-C01E-4699-A426-D895E78AD092-768x768.png 768w, https:\/\/gocopsicologia.com\/wp-content\/uploads\/2026\/03\/1F7B6A2B-C01E-4699-A426-D895E78AD092-12x12.png 12w\" sizes=\"auto, (max-width: 1024px) 100vw, 1024px\" \/><\/figure>\n\n\n\n<h3 class=\"wp-block-heading\">Anxiety<\/h3>\n\n\n\n<ul class=\"wp-block-list has-custom-color-2-color has-text-color has-link-color wp-elements-1e405053dd6151a35cfd4ea9d551f31a\">\n<li class=\"has-medium-font-size\">Phobias <\/li>\n\n\n\n<li class=\"has-medium-font-size\">Social anxiety<\/li>\n\n\n\n<li class=\"has-medium-font-size\">Generalised anxiety<\/li>\n\n\n\n<li class=\"has-medium-font-size\">Panic attacks<\/li>\n\n\n\n<li class=\"has-custom-color-2-color has-text-color has-link-color has-medium-font-size wp-elements-a569b9dabc85552d7c8ed8bae2c124e4\">Hypochondria<\/li>\n<\/ul>\n<\/div>\n\n\n\n<div class=\"wp-block-column is-layout-flow wp-block-column-is-layout-flow\">\n<figure class=\"wp-block-image size-full\" style=\"margin-bottom:24px\"><img loading=\"lazy\" decoding=\"async\" width=\"1024\" height=\"1024\" src=\"https:\/\/gocopsicologia.com\/wp-content\/uploads\/2026\/03\/6FB95C46-FC31-43DD-8336-B042F4D7451C.png\" alt=\"\" class=\"wp-image-422\" style=\"aspect-ratio:4\/3;object-fit:cover\" srcset=\"https:\/\/gocopsicologia.com\/wp-content\/uploads\/2026\/03\/6FB95C46-FC31-43DD-8336-B042F4D7451C.png 1024w, https:\/\/gocopsicologia.com\/wp-content\/uploads\/2026\/03\/6FB95C46-FC31-43DD-8336-B042F4D7451C-300x300.png 300w, https:\/\/gocopsicologia.com\/wp-content\/uploads\/2026\/03\/6FB95C46-FC31-43DD-8336-B042F4D7451C-150x150.png 150w, https:\/\/gocopsicologia.com\/wp-content\/uploads\/2026\/03\/6FB95C46-FC31-43DD-8336-B042F4D7451C-768x768.png 768w, https:\/\/gocopsicologia.com\/wp-content\/uploads\/2026\/03\/6FB95C46-FC31-43DD-8336-B042F4D7451C-12x12.png 12w\" sizes=\"auto, (max-width: 1024px) 100vw, 1024px\" \/><\/figure>\n\n\n\n<h3 class=\"wp-block-heading\">Emotional management<\/h3>\n\n\n\n<ul class=\"wp-block-list has-custom-color-2-color has-text-color has-link-color wp-elements-9f53e2412f492efc858e7cff5d9865b0\">\n<li class=\"has-medium-font-size\">Depression<\/li>\n\n\n\n<li class=\"has-medium-font-size\">Impulsiveness<\/li>\n\n\n\n<li class=\"has-medium-font-size\">Stress management<\/li>\n\n\n\n<li class=\"has-medium-font-size\">Anger management<\/li>\n<\/ul>\n<\/div>\n<\/div>\n<\/div>\n<\/div>\n\n\n\n<div class=\"wp-block-group alignfull has-global-padding is-layout-constrained wp-block-group-is-layout-constrained\" style=\"margin-top:0;margin-bottom:0;padding-top:var(--wp--preset--spacing--60);padding-bottom:var(--wp--preset--spacing--60)\">\n<h2 class=\"wp-block-heading alignwide has-text-align-center\" style=\"padding-bottom:var(--wp--preset--spacing--40)\">Rates<\/h2>\n\n\n\n<div class=\"wp-block-columns alignwide is-layout-flex wp-container-core-columns-is-layout-1d9f35bd wp-block-columns-is-layout-flex\">\n<div class=\"wp-block-column has-border-color is-layout-flow wp-block-column-is-layout-flow\" style=\"border-color:var(--wp--preset--color--accent-6);border-width:1px;border-radius:10px;padding-top:var(--wp--preset--spacing--50);padding-right:var(--wp--preset--spacing--50);padding-bottom:var(--wp--preset--spacing--50);padding-left:var(--wp--preset--spacing--50)\">\n<h3 class=\"wp-block-heading\" id=\"free\">First call<\/h3>\n\n\n\n<p class=\"has-large-font-size\">Free<\/p>\n\n\n\n<ul style=\"padding-bottom:var(--wp--preset--spacing--20);padding-left:var(--wp--preset--spacing--20)\" class=\"wp-block-list is-style-checkmark-list has-small-font-size\">\n<li>Approximate duration: 20 minutes<\/li>\n\n\n\n<li>Let's get to know each other: A brief call for initial contact, where you can tell me what brings you to therapy or resolve any doubts you may have.<\/li>\n\n\n\n<li>No-obligation<\/li>\n<\/ul>\n<\/div>\n\n\n\n<div class=\"wp-block-column has-border-color is-layout-flow wp-block-column-is-layout-flow\" style=\"border-color:var(--wp--preset--color--accent-6);border-width:1px;border-radius:10px;padding-top:var(--wp--preset--spacing--50);padding-right:var(--wp--preset--spacing--50);padding-bottom:var(--wp--preset--spacing--50);padding-left:var(--wp--preset--spacing--50)\">\n<h3 class=\"wp-block-heading\" id=\"free\">Individual session<\/h3>\n\n\n\n<p class=\"has-large-font-size\">65\u20ac<\/p>\n\n\n\n<ul style=\"padding-bottom:var(--wp--preset--spacing--20);padding-left:var(--wp--preset--spacing--20)\" class=\"wp-block-list is-style-checkmark-list has-small-font-size\">\n<li>Approximate duration: 60 minutes<\/li>\n\n\n\n<li>Online and\/or in-person<\/li>\n<\/ul>\n<\/div>\n\n\n\n<div class=\"wp-block-column has-border-color is-layout-flow wp-block-column-is-layout-flow\" style=\"border-color:var(--wp--preset--color--accent-6);border-width:1px;border-radius:10px;padding-top:var(--wp--preset--spacing--50);padding-right:var(--wp--preset--spacing--50);padding-bottom:var(--wp--preset--spacing--50);padding-left:var(--wp--preset--spacing--50)\">\n<h3 class=\"wp-block-heading\" id=\"single\">Bono 4 sesiones<\/h3>\n\n\n\n<p class=\"has-large-font-size\">55\u20ac\/sesi\u00f3n<\/p>\n\n\n\n<ul style=\"padding-bottom:var(--wp--preset--spacing--20);padding-left:var(--wp--preset--spacing--20)\" class=\"wp-block-list is-style-checkmark-list has-small-font-size\">\n<li>Includes 4 sessions of approximately 60 minutes<\/li>\n\n\n\n<li>Ideal as a monthly plan in therapeutic processes with weekly frequency<\/li>\n\n\n\n<li>Online and\/or in-person<\/li>\n<\/ul>\n<\/div>\n<\/div>\n\n\n\n<div class=\"wp-block-buttons is-content-justification-center is-layout-flex wp-container-core-buttons-is-layout-a89b3969 wp-block-buttons-is-layout-flex\">\n<div class=\"wp-block-button\"><a class=\"wp-block-button__link has-background has-text-align-center wp-element-button\" href=\"https:\/\/gocopsicologia.com\/en\/contacto\/\" style=\"background-color:#ab7269\">Make an appointment<\/a><\/div>\n<\/div>\n<\/div>","protected":false},"excerpt":{"rendered":"<p>Psicolog\u00eda general sanitaria Un espacio para conectar contigo En qu\u00e9 puedo ayudarte Trastorno obsesivo compulsivo Trastornos de la conducta alimentaria Ansiedad Gesti\u00f3n emocional Tarifas Primera llamada Gratuita Sesi\u00f3n individual 65\u20ac Bono 4 sesiones 55\u20ac\/sesi\u00f3n<\/p>","protected":false},"author":1,"featured_media":0,"parent":0,"menu_order":0,"comment_status":"closed","ping_status":"closed","template":"","meta":{"footnotes":""},"class_list":["post-412","page","type-page","status-publish","hentry"],"_links":{"self":[{"href":"https:\/\/gocopsicologia.com\/en\/wp-json\/wp\/v2\/pages\/412","targetHints":{"allow":["GET"]}}],"collection":[{"href":"https:\/\/gocopsicologia.com\/en\/wp-json\/wp\/v2\/pages"}],"about":[{"href":"https:\/\/gocopsicologia.com\/en\/wp-json\/wp\/v2\/types\/page"}],"author":[{"embeddable":true,"href":"https:\/\/gocopsicologia.com\/en\/wp-json\/wp\/v2\/users\/1"}],"replies":[{"embeddable":true,"href":"https:\/\/gocopsicologia.com\/en\/wp-json\/wp\/v2\/comments?post=412"}],"version-history":[{"count":5,"href":"https:\/\/gocopsicologia.com\/en\/wp-json\/wp\/v2\/pages\/412\/revisions"}],"predecessor-version":[{"id":430,"href":"https:\/\/gocopsicologia.com\/en\/wp-json\/wp\/v2\/pages\/412\/revisions\/430"}],"wp:attachment":[{"href":"https:\/\/gocopsicologia.com\/en\/wp-json\/wp\/v2\/media?parent=412"}],"curies":[{"name":"wp","href":"https:\/\/api.w.org\/{rel}","templated":true}]}}