{"id":189,"date":"2025-06-19T12:04:19","date_gmt":"2025-06-19T10:04:19","guid":{"rendered":"https:\/\/gocopsicologia.com\/?page_id=189"},"modified":"2025-11-26T15:54:20","modified_gmt":"2025-11-26T14:54:20","slug":"blog-proximamente","status":"publish","type":"page","link":"https:\/\/gocopsicologia.com\/en\/blog-proximamente\/","title":{"rendered":"THE SPACE"},"content":{"rendered":"<h2 class=\"wp-block-heading alignwide has-text-align-left\" style=\"margin-top:var(--wp--preset--spacing--40);margin-bottom:var(--wp--preset--spacing--30)\">On-site therapy<\/h2>\n\n\n\n<figure class=\"wp-block-gallery alignwide has-nested-images columns-default is-cropped wp-block-gallery-1 is-layout-flex wp-block-gallery-is-layout-flex\">\n<figure class=\"wp-block-image size-large has-custom-border\" style=\"margin-right:0;margin-left:0\"><img loading=\"lazy\" decoding=\"async\" width=\"768\" height=\"1024\" data-id=\"397\" src=\"https:\/\/gocopsicologia.com\/wp-content\/uploads\/2025\/11\/IMG_0342-768x1024.jpg\" alt=\"\" class=\"has-border-color has-custom-crudo-border-color wp-image-397\" style=\"border-width:10px\" srcset=\"https:\/\/gocopsicologia.com\/wp-content\/uploads\/2025\/11\/IMG_0342-768x1024.jpg 768w, https:\/\/gocopsicologia.com\/wp-content\/uploads\/2025\/11\/IMG_0342-225x300.jpg 225w, https:\/\/gocopsicologia.com\/wp-content\/uploads\/2025\/11\/IMG_0342-1152x1536.jpg 1152w, https:\/\/gocopsicologia.com\/wp-content\/uploads\/2025\/11\/IMG_0342-1536x2048.jpg 1536w, https:\/\/gocopsicologia.com\/wp-content\/uploads\/2025\/11\/IMG_0342-9x12.jpg 9w, https:\/\/gocopsicologia.com\/wp-content\/uploads\/2025\/11\/IMG_0342-scaled.jpg 1920w\" sizes=\"auto, (max-width: 768px) 100vw, 768px\" \/><\/figure>\n\n\n\n<figure class=\"wp-block-image size-large has-custom-border\"><img loading=\"lazy\" decoding=\"async\" width=\"683\" height=\"1024\" data-id=\"396\" src=\"https:\/\/gocopsicologia.com\/wp-content\/uploads\/2025\/11\/429d7955-3ec1-469f-98a8-41db3906ddbc-2-683x1024.jpg\" alt=\"\" class=\"has-border-color has-custom-crudo-border-color wp-image-396\" style=\"border-width:10px\" srcset=\"https:\/\/gocopsicologia.com\/wp-content\/uploads\/2025\/11\/429d7955-3ec1-469f-98a8-41db3906ddbc-2-683x1024.jpg 683w, https:\/\/gocopsicologia.com\/wp-content\/uploads\/2025\/11\/429d7955-3ec1-469f-98a8-41db3906ddbc-2-200x300.jpg 200w, https:\/\/gocopsicologia.com\/wp-content\/uploads\/2025\/11\/429d7955-3ec1-469f-98a8-41db3906ddbc-2-768x1152.jpg 768w, https:\/\/gocopsicologia.com\/wp-content\/uploads\/2025\/11\/429d7955-3ec1-469f-98a8-41db3906ddbc-2-8x12.jpg 8w, https:\/\/gocopsicologia.com\/wp-content\/uploads\/2025\/11\/429d7955-3ec1-469f-98a8-41db3906ddbc-2.jpg 1024w\" sizes=\"auto, (max-width: 683px) 100vw, 683px\" \/><\/figure>\n\n\n\n<figure class=\"wp-block-image size-large has-custom-border\"><img loading=\"lazy\" decoding=\"async\" width=\"1920\" height=\"2560\" data-id=\"399\" src=\"https:\/\/gocopsicologia.com\/wp-content\/uploads\/2025\/11\/E4207D00-3E0D-4708-B9C2-02A2AEE435D2-4-edited-scaled.jpg\" alt=\"\" class=\"has-border-color has-custom-crudo-border-color wp-image-399\" style=\"border-width:10px\" srcset=\"https:\/\/gocopsicologia.com\/wp-content\/uploads\/2025\/11\/E4207D00-3E0D-4708-B9C2-02A2AEE435D2-4-edited-scaled.jpg 1920w, https:\/\/gocopsicologia.com\/wp-content\/uploads\/2025\/11\/E4207D00-3E0D-4708-B9C2-02A2AEE435D2-4-edited-225x300.jpg 225w, https:\/\/gocopsicologia.com\/wp-content\/uploads\/2025\/11\/E4207D00-3E0D-4708-B9C2-02A2AEE435D2-4-edited-768x1024.jpg 768w, https:\/\/gocopsicologia.com\/wp-content\/uploads\/2025\/11\/E4207D00-3E0D-4708-B9C2-02A2AEE435D2-4-edited-1152x1536.jpg 1152w, https:\/\/gocopsicologia.com\/wp-content\/uploads\/2025\/11\/E4207D00-3E0D-4708-B9C2-02A2AEE435D2-4-edited-1536x2048.jpg 1536w, https:\/\/gocopsicologia.com\/wp-content\/uploads\/2025\/11\/E4207D00-3E0D-4708-B9C2-02A2AEE435D2-4-edited-9x12.jpg 9w\" sizes=\"auto, (max-width: 1920px) 100vw, 1920px\" \/><\/figure>\n<\/figure>\n\n\n\n<p class=\"has-lato-font-family\">The space is bright, homely, and designed to make you feel comfortable from the very first moment.<br>Ubicado en una zona privilegiada entre Estepona y Marbella, este despacho est\u00e1 pensado para ofrecer tranquilidad, accesibilidad y una experiencia terap\u00e9utica cercana.<\/p>\n\n\n\n<div style=\"height:100px\" aria-hidden=\"true\" class=\"wp-block-spacer\"><\/div>\n\n\n\n<h2 class=\"wp-block-heading\" style=\"margin-bottom:var(--wp--preset--spacing--30)\">Online therapy<\/h2>\n\n\n\n<p>An alternative that offers the following advantages:<\/p>\n\n\n\n<ul class=\"wp-block-list\">\n<li class=\"has-custom-color-2-color has-text-color has-link-color has-playfair-display-sc-font-family wp-elements-6c6e2a5814c5372afce3437dcfb46c4e\">Access from anywhere<\/li>\n<\/ul>\n\n\n\n<p>You only need an internet connection. Ideal if you travel, live abroad, or have difficulty moving around.<\/p>\n\n\n\n<ul class=\"wp-block-list\">\n<li class=\"has-custom-color-2-color has-text-color has-link-color has-playfair-display-sc-font-family wp-elements-8de92767330185b308c59ba7693091d3\">More flexible, easier<\/li>\n<\/ul>\n\n\n\n<p>Adapt your therapy to your daily routine: sessions at convenient times, no wasted time or traffic.<\/p>\n\n\n\n<ul class=\"wp-block-list\">\n<li class=\"has-custom-color-2-color has-text-color has-link-color has-playfair-display-sc-font-family wp-elements-9aba094b157f76e0b9c4525fa1c78829\">The same effectiveness as in-person therapy<\/li>\n<\/ul>\n\n\n\n<p>Online therapy is just as effective when conducted by accredited professionals. And you choose the one who suits you best, no matter where they live.<\/p>\n\n\n\n<ul class=\"wp-block-list has-playfair-display-sc-font-family\">\n<li class=\"has-custom-color-2-color has-text-color has-link-color wp-elements-db046a4efb2991d3487c41d2f93b833f\">Continuity without interruptions<\/li>\n<\/ul>\n\n\n\n<p>Maintain your therapeutic process even if you move out, travel, or face a situation that prevents you from attending in person.<\/p>\n\n\n\n<div style=\"height:100px\" aria-hidden=\"true\" class=\"wp-block-spacer\"><\/div>","protected":false},"excerpt":{"rendered":"<p>Terapia presencial El espacio, luminoso, acogedor y creado para que te sientas a gusto desde el primer momento.Ubicado en una zona privilegiada entre Estepona y Marbella, este despacho est\u00e1 pensado para ofrecer tranquilidad, accesibilidad y una experiencia terap\u00e9utica cercana. Terapia online Una alternativa que ofrece las siguientes ventajas: Solo necesitas conexi\u00f3n a internet. Ideal si [&hellip;]<\/p>","protected":false},"author":1,"featured_media":0,"parent":0,"menu_order":0,"comment_status":"closed","ping_status":"closed","template":"page-no-title","meta":{"footnotes":""},"class_list":["post-189","page","type-page","status-publish","hentry"],"_links":{"self":[{"href":"https:\/\/gocopsicologia.com\/en\/wp-json\/wp\/v2\/pages\/189","targetHints":{"allow":["GET"]}}],"collection":[{"href":"https:\/\/gocopsicologia.com\/en\/wp-json\/wp\/v2\/pages"}],"about":[{"href":"https:\/\/gocopsicologia.com\/en\/wp-json\/wp\/v2\/types\/page"}],"author":[{"embeddable":true,"href":"https:\/\/gocopsicologia.com\/en\/wp-json\/wp\/v2\/users\/1"}],"replies":[{"embeddable":true,"href":"https:\/\/gocopsicologia.com\/en\/wp-json\/wp\/v2\/comments?post=189"}],"version-history":[{"count":13,"href":"https:\/\/gocopsicologia.com\/en\/wp-json\/wp\/v2\/pages\/189\/revisions"}],"predecessor-version":[{"id":400,"href":"https:\/\/gocopsicologia.com\/en\/wp-json\/wp\/v2\/pages\/189\/revisions\/400"}],"wp:attachment":[{"href":"https:\/\/gocopsicologia.com\/en\/wp-json\/wp\/v2\/media?parent=189"}],"curies":[{"name":"wp","href":"https:\/\/api.w.org\/{rel}","templated":true}]}}